{"id":11,"date":"2020-09-23T14:52:57","date_gmt":"2020-09-23T12:52:57","guid":{"rendered":"https:\/\/dokfreundinnen.com\/?page_id=11"},"modified":"2023-04-12T17:33:59","modified_gmt":"2023-04-12T15:33:59","slug":"home","status":"publish","type":"page","link":"https:\/\/dokfreundinnen.com\/","title":{"rendered":"home"},"content":{"rendered":"<div id=\"pl-11\"  class=\"panel-layout\" ><div id=\"pg-11-0\"  class=\"panel-grid panel-has-style\" ><div class=\"siteorigin-panels-stretch panel-row-style panel-row-style-for-11-0\" data-stretch-type=\"full\" ><div id=\"pgc-11-0-0\"  class=\"panel-grid-cell\" ><div id=\"panel-11-0-0-0\" class=\"so-panel widget widget_siteorigin-panels-builder panel-first-child panel-last-child\" data-index=\"0\" ><div class=\"panel-widget-style panel-widget-style-for-11-0-0-0\" ><div id=\"pl-w6436cf6798607\"  class=\"panel-layout\" ><div id=\"pg-w6436cf6798607-0\"  class=\"panel-grid panel-no-style\" ><div id=\"pgc-w6436cf6798607-0-0\"  class=\"panel-grid-cell\" ><div id=\"panel-w6436cf6798607-0-0-0\" class=\"so-panel widget widget_sow-editor panel-first-child panel-last-child\" data-index=\"0\" ><div\n\t\t\t\n\t\t\tclass=\"so-widget-sow-editor so-widget-sow-editor-base\"\n\t\t\t\n\t\t>\n<div class=\"siteorigin-widget-tinymce textwidget\">\n\t<div id=\"metaslider-id-223\" style=\"width: 100%;\" class=\"ml-slider-3-108-0 metaslider metaslider-flex metaslider-223 ml-slider ms-theme-default nav-hidden\" role=\"region\" aria-label=\"Neue Slideshow\" data-height=\"500\" data-width=\"1024\">\n    <div id=\"metaslider_container_223\">\n        <div id=\"metaslider_223\" class=\"flexslider\">\n            <ul class='slides'>\n                <li style=\"display: block; width: 100%;\" class=\"slide-260 ms-image \" aria-roledescription=\"slide\" data-date=\"2020-10-25 12:12:59\" data-filename=\"dokslide.jpg\" data-slide-type=\"image\"><a href=\"http:\/\/www.dokfilmwoche.com \" target=\"_blank\" aria-label=\"View Slide Details\" class=\"metaslider_image_link\"><img width=\"1920\" height=\"800\" src=\"https:\/\/dokfreundinnen.com\/wp-content\/uploads\/2023\/04\/dokslide.jpg\" class=\"slider-223 slide-260 msDefaultImage\" alt=\"\" decoding=\"async\" loading=\"lazy\" rel=\"\" title=\"dokslide\" srcset=\"https:\/\/dokfreundinnen.com\/wp-content\/uploads\/2023\/04\/dokslide.jpg 1920w, https:\/\/dokfreundinnen.com\/wp-content\/uploads\/2023\/04\/dokslide-300x125.jpg 300w, https:\/\/dokfreundinnen.com\/wp-content\/uploads\/2023\/04\/dokslide-1024x427.jpg 1024w, https:\/\/dokfreundinnen.com\/wp-content\/uploads\/2023\/04\/dokslide-768x320.jpg 768w, https:\/\/dokfreundinnen.com\/wp-content\/uploads\/2023\/04\/dokslide-1536x640.jpg 1536w, https:\/\/dokfreundinnen.com\/wp-content\/uploads\/2023\/04\/dokslide-650x271.jpg 650w\" sizes=\"(max-width: 1920px) 100vw, 1920px\" \/><\/a><div class=\"caption-wrap\"><div class=\"caption\">Unsere n\u00e4chste Veranstaltung<\/div><\/div><\/li>\n                <li style=\"display: none; width: 100%;\" class=\"slide-229 ms-image \" aria-roledescription=\"slide\" data-date=\"2020-10-07 17:53:59\" data-filename=\"slide1.jpg\" data-slide-type=\"image\"><a href=\"#1\" target=\"_self\" aria-label=\"View Slide Details\" class=\"metaslider_image_link\"><img width=\"1920\" height=\"800\" src=\"https:\/\/dokfreundinnen.com\/wp-content\/uploads\/2020\/10\/slide1.jpg\" class=\"slider-223 slide-229 msDefaultImage\" alt=\"\" decoding=\"async\" loading=\"lazy\" rel=\"\" title=\"slide1\" srcset=\"https:\/\/dokfreundinnen.com\/wp-content\/uploads\/2020\/10\/slide1.jpg 1920w, https:\/\/dokfreundinnen.com\/wp-content\/uploads\/2020\/10\/slide1-300x125.jpg 300w, https:\/\/dokfreundinnen.com\/wp-content\/uploads\/2020\/10\/slide1-1024x427.jpg 1024w, https:\/\/dokfreundinnen.com\/wp-content\/uploads\/2020\/10\/slide1-768x320.jpg 768w, https:\/\/dokfreundinnen.com\/wp-content\/uploads\/2020\/10\/slide1-1536x640.jpg 1536w, https:\/\/dokfreundinnen.com\/wp-content\/uploads\/2020\/10\/slide1-650x271.jpg 650w\" sizes=\"(max-width: 1920px) 100vw, 1920px\" \/><\/a><div class=\"caption-wrap\"><div class=\"caption\">Die freund*innen der dokumentarfilmwoche hamburg <\/div><\/div><\/li>\n                <li style=\"display: none; width: 100%;\" class=\"slide-230 ms-image \" aria-roledescription=\"slide\" data-date=\"2020-10-07 17:53:59\" data-filename=\"slide2.jpg\" data-slide-type=\"image\"><a href=\"#2\" target=\"_self\" aria-label=\"View Slide Details\" class=\"metaslider_image_link\"><img width=\"1920\" height=\"800\" src=\"https:\/\/dokfreundinnen.com\/wp-content\/uploads\/2020\/10\/slide2.jpg\" class=\"slider-223 slide-230 msDefaultImage\" alt=\"\" decoding=\"async\" loading=\"lazy\" rel=\"\" title=\"slide2\" srcset=\"https:\/\/dokfreundinnen.com\/wp-content\/uploads\/2020\/10\/slide2.jpg 1920w, https:\/\/dokfreundinnen.com\/wp-content\/uploads\/2020\/10\/slide2-300x125.jpg 300w, https:\/\/dokfreundinnen.com\/wp-content\/uploads\/2020\/10\/slide2-1024x427.jpg 1024w, https:\/\/dokfreundinnen.com\/wp-content\/uploads\/2020\/10\/slide2-768x320.jpg 768w, https:\/\/dokfreundinnen.com\/wp-content\/uploads\/2020\/10\/slide2-1536x640.jpg 1536w, https:\/\/dokfreundinnen.com\/wp-content\/uploads\/2020\/10\/slide2-650x271.jpg 650w\" sizes=\"(max-width: 1920px) 100vw, 1920px\" \/><\/a><div class=\"caption-wrap\"><div class=\"caption\">Mitmachen<\/div><\/div><\/li>\n                <li style=\"display: none; width: 100%;\" class=\"slide-231 ms-image \" aria-roledescription=\"slide\" data-date=\"2020-10-07 17:54:00\" data-filename=\"slide3.jpg\" data-slide-type=\"image\"><a href=\"#3\" target=\"_self\" aria-label=\"View Slide Details\" class=\"metaslider_image_link\"><img width=\"1920\" height=\"800\" src=\"https:\/\/dokfreundinnen.com\/wp-content\/uploads\/2020\/10\/slide3.jpg\" class=\"slider-223 slide-231 msDefaultImage\" alt=\"\" decoding=\"async\" loading=\"lazy\" rel=\"\" title=\"slide3\" srcset=\"https:\/\/dokfreundinnen.com\/wp-content\/uploads\/2020\/10\/slide3.jpg 1920w, https:\/\/dokfreundinnen.com\/wp-content\/uploads\/2020\/10\/slide3-300x125.jpg 300w, https:\/\/dokfreundinnen.com\/wp-content\/uploads\/2020\/10\/slide3-1024x427.jpg 1024w, https:\/\/dokfreundinnen.com\/wp-content\/uploads\/2020\/10\/slide3-768x320.jpg 768w, https:\/\/dokfreundinnen.com\/wp-content\/uploads\/2020\/10\/slide3-1536x640.jpg 1536w, https:\/\/dokfreundinnen.com\/wp-content\/uploads\/2020\/10\/slide3-650x271.jpg 650w\" sizes=\"(max-width: 1920px) 100vw, 1920px\" \/><\/a><div class=\"caption-wrap\"><div class=\"caption\">Unsere Veranstaltungen<\/div><\/div><\/li>\n                <li style=\"display: none; width: 100%;\" class=\"slide-232 ms-image \" aria-roledescription=\"slide\" data-date=\"2020-10-07 17:54:00\" data-filename=\"slide4.jpg\" data-slide-type=\"image\"><a href=\"#4\" target=\"_self\" aria-label=\"View Slide Details\" class=\"metaslider_image_link\"><img width=\"1920\" height=\"800\" src=\"https:\/\/dokfreundinnen.com\/wp-content\/uploads\/2020\/10\/slide4.jpg\" class=\"slider-223 slide-232 msDefaultImage\" alt=\"\" decoding=\"async\" loading=\"lazy\" rel=\"\" title=\"slide4\" srcset=\"https:\/\/dokfreundinnen.com\/wp-content\/uploads\/2020\/10\/slide4.jpg 1920w, https:\/\/dokfreundinnen.com\/wp-content\/uploads\/2020\/10\/slide4-300x125.jpg 300w, https:\/\/dokfreundinnen.com\/wp-content\/uploads\/2020\/10\/slide4-1024x427.jpg 1024w, https:\/\/dokfreundinnen.com\/wp-content\/uploads\/2020\/10\/slide4-768x320.jpg 768w, https:\/\/dokfreundinnen.com\/wp-content\/uploads\/2020\/10\/slide4-1536x640.jpg 1536w, https:\/\/dokfreundinnen.com\/wp-content\/uploads\/2020\/10\/slide4-650x271.jpg 650w\" sizes=\"(max-width: 1920px) 100vw, 1920px\" \/><\/a><div class=\"caption-wrap\"><div class=\"caption\">Unsere Partner<\/div><\/div><\/li>\n                <li style=\"display: none; width: 100%;\" class=\"slide-233 ms-image \" aria-roledescription=\"slide\" data-date=\"2020-10-07 17:54:00\" data-filename=\"slide5.jpg\" data-slide-type=\"image\"><a href=\"#5\" target=\"_self\" aria-label=\"View Slide Details\" class=\"metaslider_image_link\"><img width=\"1920\" height=\"800\" src=\"https:\/\/dokfreundinnen.com\/wp-content\/uploads\/2020\/10\/slide5.jpg\" class=\"slider-223 slide-233 msDefaultImage\" alt=\"\" decoding=\"async\" loading=\"lazy\" rel=\"\" title=\"slide5\" srcset=\"https:\/\/dokfreundinnen.com\/wp-content\/uploads\/2020\/10\/slide5.jpg 1920w, https:\/\/dokfreundinnen.com\/wp-content\/uploads\/2020\/10\/slide5-300x125.jpg 300w, https:\/\/dokfreundinnen.com\/wp-content\/uploads\/2020\/10\/slide5-1024x427.jpg 1024w, https:\/\/dokfreundinnen.com\/wp-content\/uploads\/2020\/10\/slide5-768x320.jpg 768w, https:\/\/dokfreundinnen.com\/wp-content\/uploads\/2020\/10\/slide5-1536x640.jpg 1536w, https:\/\/dokfreundinnen.com\/wp-content\/uploads\/2020\/10\/slide5-650x271.jpg 650w\" sizes=\"(max-width: 1920px) 100vw, 1920px\" \/><\/a><div class=\"caption-wrap\"><div class=\"caption\">Kontakt<\/div><\/div><\/li>\n            <\/ul>\n        <\/div>\n        \n    <\/div>\n<\/div>\n<\/div>\n<\/div><\/div><\/div><\/div><div id=\"pg-w6436cf6798607-1\"  class=\"panel-grid panel-has-style\" ><div id=\"_aktuell\" class=\"panel-row-style panel-row-style-for-w6436cf6798607-1\" ><div id=\"pgc-w6436cf6798607-1-0\"  class=\"panel-grid-cell\" ><div id=\"panel-w6436cf6798607-1-0-0\" class=\"so-panel widget widget_sow-editor panel-first-child\" data-index=\"1\" ><div id=\"1\" class=\"panel-widget-style panel-widget-style-for-w6436cf6798607-1-0-0\" ><div\n\t\t\t\n\t\t\tclass=\"so-widget-sow-editor so-widget-sow-editor-base\"\n\t\t\t\n\t\t><h3 class=\"widget-title\">Die freund*innen der dokumentarfilmwoche hamburg <\/h3>\n<div class=\"siteorigin-widget-tinymce textwidget\">\n\t<p>Wir sind ein gemeinn\u00fctziger Verein, der die<a href=\"http:\/\/www.dokfilmwoche.com\/\" target=\"_blank\" rel=\"noopener noreferrer\"> dokumentarfilmwoche hamburg<\/a> unterst\u00fctzt. Mit unseren Ideen, Beitr\u00e4gen und Spenden helfen wir das Festival mit zu gestalten. Wir packen mit an, ob bei den Vorbereitungen, im Festivalzentrum oder im Kino. Wir haben viele Ideen, wie wir uns einbringen k\u00f6nnen, um das einzige Festival f\u00fcr Dokumentarfilm der Regio zu st\u00e4rken. Ihr seid herzlich willkommen, aktiv dabei zu sein.<\/p>\n<\/div>\n<\/div><\/div><\/div><div id=\"panel-w6436cf6798607-1-0-1\" class=\"so-panel widget widget_sow-editor\" data-index=\"2\" ><div id=\"2\" class=\"panel-widget-style panel-widget-style-for-w6436cf6798607-1-0-1\" ><div\n\t\t\t\n\t\t\tclass=\"so-widget-sow-editor so-widget-sow-editor-base\"\n\t\t\t\n\t\t><h3 class=\"widget-title\">Mitmachen<\/h3>\n<div class=\"siteorigin-widget-tinymce textwidget\">\n\t<p>Du hast Lust, bei den freund*innen der dokumentarfilmwoche mitzumachen? Werde Mitglied und unterst\u00fctze unsere Aktivit\u00e4ten. Hier geht es zum <a href=\"\/wp-content\/uploads\/2020\/09\/Mitgliedschaftsantrag_dokfreundinnen.pdf\" target=\"_blank\" rel=\"noopener noreferrer\"><strong>Mitgliedsantrag<\/strong><\/a>. Nur zahlen ist dir aber nicht genug, du willst dich auch einbringen. Bei uns gibt es jede Menge zu tun. Du kannst super organisieren, dann kannst du bei der Durchf\u00fchrung und Organisation des Festivals helfen. Oder m\u00f6chteste du das Festivalzentrum mit betreuen? Weitere\u00a0 weitere Mitglieder f\u00fcr den Verein zu gewinnen und den Verein grunds\u00e4tzlich voranzubringen, w\u00fcrde dir Freude machen? Sag uns, welche F\u00e4higkeiten\u00a0 du hast und wir finden eine Aufgabe f\u00fcr dich.<strong>\u00a0<\/strong><\/p>\n<p>Mehr Infos findest du auch in unserer <strong><a href=\"\/wp-content\/uploads\/2020\/09\/Satzung_Foerderverein_11_01_2017.pdf\" target=\"_blank\" rel=\"noopener noreferrer\">Satzung<\/a>.<\/strong><\/p>\n<\/div>\n<\/div><\/div><\/div><div id=\"panel-w6436cf6798607-1-0-2\" class=\"so-panel widget widget_sow-editor\" data-index=\"3\" ><div id=\"3\" class=\"panel-widget-style panel-widget-style-for-w6436cf6798607-1-0-2\" ><div\n\t\t\t\n\t\t\tclass=\"so-widget-sow-editor so-widget-sow-editor-base\"\n\t\t\t\n\t\t><h3 class=\"widget-title\">Unsere Veranstaltungen<\/h3>\n<div class=\"siteorigin-widget-tinymce textwidget\">\n\t<p>Wir gucken gerne Filme und sprechen dar\u00fcber. Die Mitglieder des Vereins sind regelm\u00e4\u00dfig zu besonderen Screenings und Events eingeladen. Sie kommen in den Genuss, echte Rarit\u00e4ten der Filmkunst zu schauen und sich mit anderen Interessierten dar\u00fcber auszutauschen.<\/p>\n<p>Dar\u00fcber hinaus erhalten die freund*innen einen Festivalpass, der sie berechtigt, alle Vorf\u00fchrungen der dokumentarfilmwoche hamburg zu schauen.<br \/>\n<strong>Willkommen im Kino.<\/strong><\/p>\n<\/div>\n<\/div><\/div><\/div><div id=\"panel-w6436cf6798607-1-0-3\" class=\"so-panel widget widget_sow-editor\" data-index=\"4\" ><div id=\"4\" class=\"panel-widget-style panel-widget-style-for-w6436cf6798607-1-0-3\" ><div\n\t\t\t\n\t\t\tclass=\"so-widget-sow-editor so-widget-sow-editor-base\"\n\t\t\t\n\t\t><h3 class=\"widget-title\">Unsere Partner<\/h3>\n<div class=\"siteorigin-widget-tinymce textwidget\">\n\t<p>B-Movie, Frappant, fux Lichtspiele, Lichtmess, und Metropolis sind die Orte, an denen wir uns treffen. Hier findet das Festival statt und hier sind auch wir dabei.<\/p>\n<\/div>\n<\/div><\/div><\/div><div id=\"panel-w6436cf6798607-1-0-4\" class=\"so-panel widget widget_sow-editor\" data-index=\"5\" ><div id=\"5\" class=\"panel-widget-style panel-widget-style-for-w6436cf6798607-1-0-4\" ><div\n\t\t\t\n\t\t\tclass=\"so-widget-sow-editor so-widget-sow-editor-base\"\n\t\t\t\n\t\t><h3 class=\"widget-title\">Kontakt<\/h3>\n<div class=\"siteorigin-widget-tinymce textwidget\">\n\t<p>kontakt@dokfreundinnen.com<br \/>\nBodenstedtstra\u00dfe 16<br \/>\n22765 Hamburg<\/p>\n<\/div>\n<\/div><\/div><\/div><div id=\"panel-w6436cf6798607-1-0-5\" class=\"so-panel widget widget_sow-editor panel-last-child\" data-index=\"6\" ><div id=\"5\" class=\"panel-widget-style panel-widget-style-for-w6436cf6798607-1-0-5\" ><div\n\t\t\t\n\t\t\tclass=\"so-widget-sow-editor so-widget-sow-editor-base\"\n\t\t\t\n\t\t><h3 class=\"widget-title\">F\u00f6rderung<\/h3>\n<div class=\"siteorigin-widget-tinymce textwidget\">\n\t<p>Die Freund*innen der Dokumentarfilmwoche Hamburg werden gef\u00f6rdert von:<\/p>\n<p><img decoding=\"async\" loading=\"lazy\" class=\"alignnone wp-image-363\" src=\"https:\/\/dokfreundinnen.com\/wp-content\/uploads\/2023\/04\/logos_dok.jpg\" alt=\"\" width=\"800\" height=\"142\" srcset=\"https:\/\/dokfreundinnen.com\/wp-content\/uploads\/2023\/04\/logos_dok.jpg 1153w, https:\/\/dokfreundinnen.com\/wp-content\/uploads\/2023\/04\/logos_dok-300x53.jpg 300w, https:\/\/dokfreundinnen.com\/wp-content\/uploads\/2023\/04\/logos_dok-1024x181.jpg 1024w, https:\/\/dokfreundinnen.com\/wp-content\/uploads\/2023\/04\/logos_dok-768x136.jpg 768w, https:\/\/dokfreundinnen.com\/wp-content\/uploads\/2023\/04\/logos_dok-650x115.jpg 650w\" sizes=\"(max-width: 800px) 100vw, 800px\" \/><\/p>\n<\/div>\n<\/div><\/div><\/div><\/div><\/div><\/div><\/div><\/div><\/div><\/div><\/div><\/div><\/div>","protected":false},"excerpt":{"rendered":"<p>Unsere n\u00e4chste Veranstaltung Die freund*innen der dokumentarfilmwoche hamburg Mitmachen Unsere Veranstaltungen Unsere Partner Kontakt Die freund*innen der dokumentarfilmwoche hamburg Wir sind ein gemeinn\u00fctziger Verein, der die dokumentarfilmwoche hamburg unterst\u00fctzt. Mit unseren Ideen, Beitr\u00e4gen und Spenden helfen wir das Festival mit zu gestalten. Wir packen mit an, ob bei den Vorbereitungen, im Festivalzentrum oder im Kino. [&hellip;]<\/p>\n","protected":false},"author":1,"featured_media":0,"parent":0,"menu_order":0,"comment_status":"closed","ping_status":"closed","template":"","meta":[],"_links":{"self":[{"href":"https:\/\/dokfreundinnen.com\/index.php?rest_route=\/wp\/v2\/pages\/11"}],"collection":[{"href":"https:\/\/dokfreundinnen.com\/index.php?rest_route=\/wp\/v2\/pages"}],"about":[{"href":"https:\/\/dokfreundinnen.com\/index.php?rest_route=\/wp\/v2\/types\/page"}],"author":[{"embeddable":true,"href":"https:\/\/dokfreundinnen.com\/index.php?rest_route=\/wp\/v2\/users\/1"}],"replies":[{"embeddable":true,"href":"https:\/\/dokfreundinnen.com\/index.php?rest_route=%2Fwp%2Fv2%2Fcomments&post=11"}],"version-history":[{"count":116,"href":"https:\/\/dokfreundinnen.com\/index.php?rest_route=\/wp\/v2\/pages\/11\/revisions"}],"predecessor-version":[{"id":372,"href":"https:\/\/dokfreundinnen.com\/index.php?rest_route=\/wp\/v2\/pages\/11\/revisions\/372"}],"wp:attachment":[{"href":"https:\/\/dokfreundinnen.com\/index.php?rest_route=%2Fwp%2Fv2%2Fmedia&parent=11"}],"curies":[{"name":"wp","href":"https:\/\/api.w.org\/{rel}","templated":true}]}}